{"id":16283,"date":"2026-03-03T17:59:48","date_gmt":"2026-03-03T17:59:48","guid":{"rendered":"https:\/\/shop.detourmaps.com\/?page_id=16283"},"modified":"2026-03-09T03:25:31","modified_gmt":"2026-03-09T03:25:31","slug":"noticias","status":"publish","type":"page","link":"https:\/\/shop.detourmaps.com\/es\/noticias\/","title":{"rendered":"Noticias"},"content":{"rendered":"<div data-elementor-type=\"wp-page\" data-elementor-id=\"16283\" class=\"elementor elementor-16283\" data-elementor-post-type=\"page\">\n\t\t\t\t<div class=\"elementor-element elementor-element-ee7ed30 e-con-full e-flex e-con e-parent\" data-id=\"ee7ed30\" data-element_type=\"container\" data-e-type=\"container\" data-settings=\"{&quot;background_background&quot;:&quot;classic&quot;}\">\n\t\t\t\t<div class=\"elementor-element elementor-element-36091ee elementor-widget elementor-widget-button\" data-id=\"36091ee\" data-element_type=\"widget\" data-e-type=\"widget\" data-widget_type=\"button.default\">\n\t\t\t\t<div class=\"elementor-widget-container\">\n\t\t\t\t\t\t\t\t\t<div class=\"elementor-button-wrapper\">\n\t\t\t\t\t<a class=\"elementor-button elementor-button-link elementor-size-sm\" href=\"#news-es\">\n\t\t\t\t\t\t<span class=\"elementor-button-content-wrapper\">\n\t\t\t\t\t\t\t\t\t<span class=\"elementor-button-text\">L\u00e9elo en espa\u00f1ol<\/span>\n\t\t\t\t\t<\/span>\n\t\t\t\t\t<\/a>\n\t\t\t\t<\/div>\n\t\t\t\t\t\t\t\t<\/div>\n\t\t\t\t<\/div>\n\t\t\t\t<div class=\"elementor-element elementor-element-a38b51c elementor-widget elementor-widget-button\" data-id=\"a38b51c\" data-element_type=\"widget\" data-e-type=\"widget\" data-widget_type=\"button.default\">\n\t\t\t\t<div class=\"elementor-widget-container\">\n\t\t\t\t\t\t\t\t\t<div class=\"elementor-button-wrapper\">\n\t\t\t\t\t<a class=\"elementor-button elementor-button-link elementor-size-sm\" href=\"https:\/\/shop.detourmaps.com\/es\/news\/\">\n\t\t\t\t\t\t<span class=\"elementor-button-content-wrapper\">\n\t\t\t\t\t\t\t\t\t<span class=\"elementor-button-text\">Read in English<\/span>\n\t\t\t\t\t<\/span>\n\t\t\t\t\t<\/a>\n\t\t\t\t<\/div>\n\t\t\t\t\t\t\t\t<\/div>\n\t\t\t\t<\/div>\n\t\t\t\t<\/div>\n\t\t<div class=\"elementor-element elementor-element-2e7040a e-flex e-con-boxed e-con e-parent\" data-id=\"2e7040a\" data-element_type=\"container\" data-e-type=\"container\">\n\t\t\t\t\t<div class=\"e-con-inner\">\n\t\t\t\t<div class=\"elementor-element elementor-element-680e414 elementor-widget elementor-widget-heading\" data-id=\"680e414\" data-element_type=\"widget\" data-e-type=\"widget\" data-widget_type=\"heading.default\">\n\t\t\t\t<div class=\"elementor-widget-container\">\n\t\t\t\t\t<h2 class=\"elementor-heading-title elementor-size-default\">El Pulso Del Ecosistema: Ediciones Recientes<\/h2>\t\t\t\t<\/div>\n\t\t\t\t<\/div>\n\t\t\t\t<div class=\"elementor-element elementor-element-8b98449 elementor-widget elementor-widget-heading\" data-id=\"8b98449\" data-element_type=\"widget\" data-e-type=\"widget\" data-widget_type=\"heading.default\">\n\t\t\t\t<div class=\"elementor-widget-container\">\n\t\t\t\t\t<h5 class=\"elementor-heading-title elementor-size-default\">Encuentra aqu\u00ed todas nuestras noticias sobre Local SEO, lanzamientos de Urban Makers<br>y la identidad de nuestras calles. Selecciona una edici\u00f3n para empezar.<\/h5>\t\t\t\t<\/div>\n\t\t\t\t<\/div>\n\t\t\t\t\t<\/div>\n\t\t\t\t<\/div>\n\t\t<div class=\"elementor-element elementor-element-fc1b865 e-flex e-con-boxed e-con e-parent\" data-id=\"fc1b865\" data-element_type=\"container\" data-e-type=\"container\" id=\"news-es\">\n\t\t\t\t\t<div class=\"e-con-inner\">\n\t\t\t\t<div class=\"elementor-element elementor-element-60a6f27 elementor-widget elementor-widget-spacer\" data-id=\"60a6f27\" data-element_type=\"widget\" data-e-type=\"widget\" data-widget_type=\"spacer.default\">\n\t\t\t\t<div class=\"elementor-widget-container\">\n\t\t\t\t\t\t\t<div class=\"elementor-spacer\">\n\t\t\t<div class=\"elementor-spacer-inner\"><\/div>\n\t\t<\/div>\n\t\t\t\t\t\t<\/div>\n\t\t\t\t<\/div>\n\t\t\t\t\t<\/div>\n\t\t\t\t<\/div>\n\t\t<div class=\"elementor-element elementor-element-bf2fbf7 e-flex e-con-boxed e-con e-parent\" data-id=\"bf2fbf7\" data-element_type=\"container\" data-e-type=\"container\">\n\t\t\t\t\t<div class=\"e-con-inner\">\n\t\t<div class=\"elementor-element elementor-element-2011792 e-con-full e-flex e-con e-child\" data-id=\"2011792\" data-element_type=\"container\" data-e-type=\"container\">\n\t\t<div class=\"elementor-element elementor-element-10586d2 e-con-full e-flex e-con e-child\" data-id=\"10586d2\" data-element_type=\"container\" data-e-type=\"container\">\n\t\t\t\t<div class=\"elementor-element elementor-element-5da902e elementor-widget elementor-widget-image\" data-id=\"5da902e\" data-element_type=\"widget\" data-e-type=\"widget\" data-widget_type=\"image.default\">\n\t\t\t\t<div class=\"elementor-widget-container\">\n\t\t\t\t\t\t\t\t\t\t\t\t\t\t\t\t<a href=\"https:\/\/shop.detourmaps.com\/es\/salud-financiera-y-crecimiento-estrategico\/\">\n\t\t\t\t\t\t\t<img fetchpriority=\"high\" decoding=\"async\" width=\"512\" height=\"292\" src=\"https:\/\/shop.detourmaps.com\/wp-content\/uploads\/2026\/03\/salud-financiera-detourmaps-1.webp\" class=\"attachment-large size-large wp-image-16529\" alt=\"\" srcset=\"https:\/\/shop.detourmaps.com\/wp-content\/uploads\/2026\/03\/salud-financiera-detourmaps-1.webp 512w, https:\/\/shop.detourmaps.com\/wp-content\/uploads\/2026\/03\/salud-financiera-detourmaps-1-300x171.webp 300w, https:\/\/shop.detourmaps.com\/wp-content\/uploads\/2026\/03\/salud-financiera-detourmaps-1-18x10.webp 18w\" sizes=\"(max-width: 512px) 100vw, 512px\" \/>\t\t\t\t\t\t\t\t<\/a>\n\t\t\t\t\t\t\t\t\t\t\t\t\t\t\t<\/div>\n\t\t\t\t<\/div>\n\t\t\t\t<div class=\"elementor-element elementor-element-c06ae4a elementor-widget elementor-widget-heading\" data-id=\"c06ae4a\" data-element_type=\"widget\" data-e-type=\"widget\" data-widget_type=\"heading.default\">\n\t\t\t\t<div class=\"elementor-widget-container\">\n\t\t\t\t\t<span class=\"elementor-heading-title elementor-size-default\"><strong>Fecha: <\/strong>03-09-2026<\/span>\t\t\t\t<\/div>\n\t\t\t\t<\/div>\n\t\t\t\t<div class=\"elementor-element elementor-element-65d2e1f elementor-widget elementor-widget-heading\" data-id=\"65d2e1f\" data-element_type=\"widget\" data-e-type=\"widget\" data-widget_type=\"heading.default\">\n\t\t\t\t<div class=\"elementor-widget-container\">\n\t\t\t\t\t<h3 class=\"elementor-heading-title elementor-size-default\"><a href=\"https:\/\/shop.detourmaps.com\/es\/salud-financiera-y-crecimiento-estrategico\/\">Salud Financiera Y Crecimiento Estrat\u00e9gico<\/a><\/h3>\t\t\t\t<\/div>\n\t\t\t\t<\/div>\n\t\t\t\t<\/div>\n\t\t\t\t<\/div>\n\t\t<div class=\"elementor-element elementor-element-b99af06 e-con-full e-flex e-con e-child\" data-id=\"b99af06\" data-element_type=\"container\" data-e-type=\"container\">\n\t\t<div class=\"elementor-element elementor-element-6d24f0c e-con-full e-flex e-con e-child\" data-id=\"6d24f0c\" data-element_type=\"container\" data-e-type=\"container\">\n\t\t\t\t<div class=\"elementor-element elementor-element-82156e7 elementor-widget elementor-widget-image\" data-id=\"82156e7\" data-element_type=\"widget\" data-e-type=\"widget\" data-widget_type=\"image.default\">\n\t\t\t\t<div class=\"elementor-widget-container\">\n\t\t\t\t\t\t\t\t\t\t\t\t\t\t\t\t<a href=\"https:\/\/shop.detourmaps.com\/es\/el-cerebro-detrasconstruyendo-vecindarios\/\">\n\t\t\t\t\t\t\t<img decoding=\"async\" width=\"1024\" height=\"576\" src=\"https:\/\/shop.detourmaps.com\/wp-content\/uploads\/2026\/02\/Thumbnail-Margenes-Desde-Aqui-Espanol-1-1024x576.webp\" class=\"attachment-large size-large wp-image-16191\" alt=\"\" srcset=\"https:\/\/shop.detourmaps.com\/wp-content\/uploads\/2026\/02\/Thumbnail-Margenes-Desde-Aqui-Espanol-1-1024x576.webp 1024w, https:\/\/shop.detourmaps.com\/wp-content\/uploads\/2026\/02\/Thumbnail-Margenes-Desde-Aqui-Espanol-1-300x169.webp 300w, https:\/\/shop.detourmaps.com\/wp-content\/uploads\/2026\/02\/Thumbnail-Margenes-Desde-Aqui-Espanol-1-768x432.webp 768w, https:\/\/shop.detourmaps.com\/wp-content\/uploads\/2026\/02\/Thumbnail-Margenes-Desde-Aqui-Espanol-1-18x10.webp 18w, https:\/\/shop.detourmaps.com\/wp-content\/uploads\/2026\/02\/Thumbnail-Margenes-Desde-Aqui-Espanol-1-600x338.webp 600w, https:\/\/shop.detourmaps.com\/wp-content\/uploads\/2026\/02\/Thumbnail-Margenes-Desde-Aqui-Espanol-1.webp 1280w\" sizes=\"(max-width: 1024px) 100vw, 1024px\" \/>\t\t\t\t\t\t\t\t<\/a>\n\t\t\t\t\t\t\t\t\t\t\t\t\t\t\t<\/div>\n\t\t\t\t<\/div>\n\t\t\t\t<div class=\"elementor-element elementor-element-a320c0e elementor-widget elementor-widget-heading\" data-id=\"a320c0e\" data-element_type=\"widget\" data-e-type=\"widget\" data-widget_type=\"heading.default\">\n\t\t\t\t<div class=\"elementor-widget-container\">\n\t\t\t\t\t<span class=\"elementor-heading-title elementor-size-default\"><strong>Fecha: <\/strong>02-27-2026<\/span>\t\t\t\t<\/div>\n\t\t\t\t<\/div>\n\t\t\t\t<div class=\"elementor-element elementor-element-eb684f6 elementor-widget elementor-widget-heading\" data-id=\"eb684f6\" data-element_type=\"widget\" data-e-type=\"widget\" data-widget_type=\"heading.default\">\n\t\t\t\t<div class=\"elementor-widget-container\">\n\t\t\t\t\t<h3 class=\"elementor-heading-title elementor-size-default\"><a href=\"https:\/\/shop.detourmaps.com\/es\/el-cerebro-detrasconstruyendo-vecindarios\/\">EL CEREBRO DETR\u00c1S,\nCONSTRUYENDO VECINDARIOS<\/a><\/h3>\t\t\t\t<\/div>\n\t\t\t\t<\/div>\n\t\t\t\t<\/div>\n\t\t\t\t<\/div>\n\t\t<div class=\"elementor-element elementor-element-9369ccd e-con-full e-flex e-con e-child\" data-id=\"9369ccd\" data-element_type=\"container\" data-e-type=\"container\">\n\t\t<div class=\"elementor-element elementor-element-2edd368 e-con-full e-flex e-con e-child\" data-id=\"2edd368\" data-element_type=\"container\" data-e-type=\"container\">\n\t\t\t\t<div class=\"elementor-element elementor-element-4d010d8 elementor-widget elementor-widget-image\" data-id=\"4d010d8\" data-element_type=\"widget\" data-e-type=\"widget\" data-widget_type=\"image.default\">\n\t\t\t\t<div class=\"elementor-widget-container\">\n\t\t\t\t\t\t\t\t\t\t\t\t\t\t\t\t<a href=\"\/es\/somos-big-barrio\/\">\n\t\t\t\t\t\t\t<img decoding=\"async\" width=\"1024\" height=\"576\" src=\"https:\/\/shop.detourmaps.com\/wp-content\/uploads\/2026\/02\/THUMBNAIL-NEWSLETTER-ESP-1024x576.webp\" class=\"attachment-large size-large wp-image-15818\" alt=\"\" srcset=\"https:\/\/shop.detourmaps.com\/wp-content\/uploads\/2026\/02\/THUMBNAIL-NEWSLETTER-ESP-1024x576.webp 1024w, https:\/\/shop.detourmaps.com\/wp-content\/uploads\/2026\/02\/THUMBNAIL-NEWSLETTER-ESP-300x169.webp 300w, https:\/\/shop.detourmaps.com\/wp-content\/uploads\/2026\/02\/THUMBNAIL-NEWSLETTER-ESP-768x432.webp 768w, https:\/\/shop.detourmaps.com\/wp-content\/uploads\/2026\/02\/THUMBNAIL-NEWSLETTER-ESP-1536x864.webp 1536w, https:\/\/shop.detourmaps.com\/wp-content\/uploads\/2026\/02\/THUMBNAIL-NEWSLETTER-ESP-18x10.webp 18w, https:\/\/shop.detourmaps.com\/wp-content\/uploads\/2026\/02\/THUMBNAIL-NEWSLETTER-ESP-600x338.webp 600w, https:\/\/shop.detourmaps.com\/wp-content\/uploads\/2026\/02\/THUMBNAIL-NEWSLETTER-ESP.webp 1920w\" sizes=\"(max-width: 1024px) 100vw, 1024px\" \/>\t\t\t\t\t\t\t\t<\/a>\n\t\t\t\t\t\t\t\t\t\t\t\t\t\t\t<\/div>\n\t\t\t\t<\/div>\n\t\t\t\t<div class=\"elementor-element elementor-element-6db4259 elementor-widget elementor-widget-heading\" data-id=\"6db4259\" data-element_type=\"widget\" data-e-type=\"widget\" data-widget_type=\"heading.default\">\n\t\t\t\t<div class=\"elementor-widget-container\">\n\t\t\t\t\t<span class=\"elementor-heading-title elementor-size-default\"><strong>Fecha: <\/strong>02-18-2026<\/span>\t\t\t\t<\/div>\n\t\t\t\t<\/div>\n\t\t\t\t<div class=\"elementor-element elementor-element-87a78ae elementor-widget elementor-widget-heading\" data-id=\"87a78ae\" data-element_type=\"widget\" data-e-type=\"widget\" data-widget_type=\"heading.default\">\n\t\t\t\t<div class=\"elementor-widget-container\">\n\t\t\t\t\t<h3 class=\"elementor-heading-title elementor-size-default\"><a href=\"\/es\/somos-big-barrio\/\">NO SOMOS BIG TECH,\nSOMOS BIG BARRIO\n<\/a><\/h3>\t\t\t\t<\/div>\n\t\t\t\t<\/div>\n\t\t\t\t<\/div>\n\t\t\t\t<\/div>\n\t\t<div class=\"elementor-element elementor-element-3b1a0c1 e-con-full e-flex e-con e-child\" data-id=\"3b1a0c1\" data-element_type=\"container\" data-e-type=\"container\">\n\t\t<div class=\"elementor-element elementor-element-d9cf962 e-con-full e-flex e-con e-child\" data-id=\"d9cf962\" data-element_type=\"container\" data-e-type=\"container\">\n\t\t\t\t<div class=\"elementor-element elementor-element-46c172a elementor-widget elementor-widget-image\" data-id=\"46c172a\" data-element_type=\"widget\" data-e-type=\"widget\" data-widget_type=\"image.default\">\n\t\t\t\t<div class=\"elementor-widget-container\">\n\t\t\t\t\t\t\t\t\t\t\t\t\t\t\t\t<a href=\"https:\/\/shop.detourmaps.com\/es\/grandes-novedades-en-detourmaps\/\">\n\t\t\t\t\t\t\t<img loading=\"lazy\" decoding=\"async\" width=\"1024\" height=\"576\" src=\"https:\/\/shop.detourmaps.com\/wp-content\/uploads\/2026\/02\/grandes-novedades-detourmaps-2-1024x576.webp\" class=\"attachment-large size-large wp-image-15981\" alt=\"\" srcset=\"https:\/\/shop.detourmaps.com\/wp-content\/uploads\/2026\/02\/grandes-novedades-detourmaps-2-1024x576.webp 1024w, https:\/\/shop.detourmaps.com\/wp-content\/uploads\/2026\/02\/grandes-novedades-detourmaps-2-300x169.webp 300w, https:\/\/shop.detourmaps.com\/wp-content\/uploads\/2026\/02\/grandes-novedades-detourmaps-2-768x432.webp 768w, https:\/\/shop.detourmaps.com\/wp-content\/uploads\/2026\/02\/grandes-novedades-detourmaps-2-1536x864.webp 1536w, https:\/\/shop.detourmaps.com\/wp-content\/uploads\/2026\/02\/grandes-novedades-detourmaps-2-18x10.webp 18w, https:\/\/shop.detourmaps.com\/wp-content\/uploads\/2026\/02\/grandes-novedades-detourmaps-2-600x338.webp 600w, https:\/\/shop.detourmaps.com\/wp-content\/uploads\/2026\/02\/grandes-novedades-detourmaps-2.webp 1920w\" sizes=\"(max-width: 1024px) 100vw, 1024px\" \/>\t\t\t\t\t\t\t\t<\/a>\n\t\t\t\t\t\t\t\t\t\t\t\t\t\t\t<\/div>\n\t\t\t\t<\/div>\n\t\t\t\t<div class=\"elementor-element elementor-element-3f71f29 elementor-widget elementor-widget-heading\" data-id=\"3f71f29\" data-element_type=\"widget\" data-e-type=\"widget\" data-widget_type=\"heading.default\">\n\t\t\t\t<div class=\"elementor-widget-container\">\n\t\t\t\t\t<span class=\"elementor-heading-title elementor-size-default\"><strong>Fecha: <\/strong>02-12-2026<\/span>\t\t\t\t<\/div>\n\t\t\t\t<\/div>\n\t\t\t\t<div class=\"elementor-element elementor-element-30a3108 elementor-widget elementor-widget-heading\" data-id=\"30a3108\" data-element_type=\"widget\" data-e-type=\"widget\" data-widget_type=\"heading.default\">\n\t\t\t\t<div class=\"elementor-widget-container\">\n\t\t\t\t\t<h3 class=\"elementor-heading-title elementor-size-default\"><a href=\"https:\/\/shop.detourmaps.com\/es\/grandes-novedades-en-detourmaps\/\">Grandes novedades\nen Detour Maps<\/a><\/h3>\t\t\t\t<\/div>\n\t\t\t\t<\/div>\n\t\t\t\t<\/div>\n\t\t\t\t<\/div>\n\t\t<div class=\"elementor-element elementor-element-3f0b3da e-con-full e-flex e-con e-child\" data-id=\"3f0b3da\" data-element_type=\"container\" data-e-type=\"container\">\n\t\t\t\t<\/div>\n\t\t<div class=\"elementor-element elementor-element-41e57c8 e-con-full e-flex e-con e-child\" data-id=\"41e57c8\" data-element_type=\"container\" data-e-type=\"container\">\n\t\t\t\t<\/div>\n\t\t\t\t\t<\/div>\n\t\t\t\t<\/div>\n\t\t\t\t<\/div>","protected":false},"excerpt":{"rendered":"<p>L\u00e9elo en espa\u00f1ol Read in English El Pulso Del Ecosistema: Ediciones Recientes Encuentra aqu\u00ed todas nuestras noticias sobre Local SEO, lanzamientos de Urban Makersy la identidad de nuestras calles. Selecciona<\/p>","protected":false},"author":1,"featured_media":0,"parent":0,"menu_order":0,"comment_status":"closed","ping_status":"closed","template":"","meta":{"_acf_changed":false,"footnotes":""},"class_list":["post-16283","page","type-page","status-publish","hentry"],"acf":[],"_links":{"self":[{"href":"https:\/\/shop.detourmaps.com\/es\/wp-json\/wp\/v2\/pages\/16283","targetHints":{"allow":["GET"]}}],"collection":[{"href":"https:\/\/shop.detourmaps.com\/es\/wp-json\/wp\/v2\/pages"}],"about":[{"href":"https:\/\/shop.detourmaps.com\/es\/wp-json\/wp\/v2\/types\/page"}],"author":[{"embeddable":true,"href":"https:\/\/shop.detourmaps.com\/es\/wp-json\/wp\/v2\/users\/1"}],"replies":[{"embeddable":true,"href":"https:\/\/shop.detourmaps.com\/es\/wp-json\/wp\/v2\/comments?post=16283"}],"version-history":[{"count":37,"href":"https:\/\/shop.detourmaps.com\/es\/wp-json\/wp\/v2\/pages\/16283\/revisions"}],"predecessor-version":[{"id":16555,"href":"https:\/\/shop.detourmaps.com\/es\/wp-json\/wp\/v2\/pages\/16283\/revisions\/16555"}],"wp:attachment":[{"href":"https:\/\/shop.detourmaps.com\/es\/wp-json\/wp\/v2\/media?parent=16283"}],"curies":[{"name":"wp","href":"https:\/\/api.w.org\/{rel}","templated":true}]}}