{"id":15528,"date":"2026-01-29T02:27:39","date_gmt":"2026-01-29T02:27:39","guid":{"rendered":"https:\/\/shop.detourmaps.com\/?post_type=product&#038;p=15528"},"modified":"2026-03-16T17:47:39","modified_gmt":"2026-03-16T17:47:39","slug":"mug-pilsen-name-style","status":"publish","type":"product","link":"https:\/\/shop.detourmaps.com\/es\/producto\/mug-pilsen-name-style\/","title":{"rendered":"Name Style Pilsen Mug"},"content":{"rendered":"<p><span dir=\"auto\" style=\"vertical-align: inherit;\"><span dir=\"auto\" style=\"vertical-align: inherit;\">Representa tu barrio con la audaz identidad de Pilsen. Este dise\u00f1o centra el nombre del barrio como un emblema contempor\u00e1neo, reforzando las ra\u00edces profundas y el orgullo local. Rinde homenaje a nuestra historia, nacida en la calle 22 en 2007, y act\u00faa como un desv\u00edo f\u00edsico hacia la identidad de tu barrio mientras realizas tu rutina matutina. Especificaciones: Cer\u00e1mica duradera, apta para sublimaci\u00f3n, dise\u00f1ada para resistir tus &#8220;cotidiarias&#8221; diarias.<\/span><\/span><\/p>\n<p><span dir=\"auto\" style=\"vertical-align: inherit;\"><span dir=\"auto\" style=\"vertical-align: inherit;\">Nota: Dise\u00f1ado individualmente por detour22, nuestra alma creativa; los colores reales pueden variar ligeramente. <\/span><\/span><br \/>\n<span dir=\"auto\" style=\"vertical-align: inherit;\"><span dir=\"auto\" style=\"vertical-align: inherit;\">No somos una gran empresa tecnol\u00f3gica; somos un barrio con mucho encanto. <\/span><\/span><br \/>\n<span dir=\"auto\" style=\"vertical-align: inherit;\"><span dir=\"auto\" style=\"vertical-align: inherit;\">Desv\u00edate del camino y descubre la sencillez.<\/span><\/span><\/p>","protected":false},"excerpt":{"rendered":"<p><span dir=\"auto\" style=\"vertical-align: inherit;\"><span dir=\"auto\" style=\"vertical-align: inherit;\">Representa tu barrio con la audaz identidad de Pilsen. Este dise\u00f1o centra el nombre del vecindario en un emblema contempor\u00e1neo, reforzando sus profundas ra\u00edces y el orgullo local. Rinde homenaje a nuestra historia, nacida en la calle 22 en 2007, y sirve como un recordatorio f\u00edsico de la identidad de tu barrio mientras realizas tus actividades matutinas.<\/span><\/span><\/p>","protected":false},"featured_media":8573,"template":"","meta":{"_acf_changed":false},"product_brand":[265],"product_cat":[131,132],"product_tag":[],"class_list":{"0":"post-15528","1":"product","2":"type-product","3":"status-publish","4":"has-post-thumbnail","6":"product_brand-pilsen","7":"product_cat-souvenirs","8":"product_cat-mugs","10":"first","11":"instock","12":"taxable","13":"shipping-taxable","14":"purchasable","15":"product-type-variable"},"acf":[],"_links":{"self":[{"href":"https:\/\/shop.detourmaps.com\/es\/wp-json\/wp\/v2\/product\/15528","targetHints":{"allow":["GET"]}}],"collection":[{"href":"https:\/\/shop.detourmaps.com\/es\/wp-json\/wp\/v2\/product"}],"about":[{"href":"https:\/\/shop.detourmaps.com\/es\/wp-json\/wp\/v2\/types\/product"}],"wp:featuredmedia":[{"embeddable":true,"href":"https:\/\/shop.detourmaps.com\/es\/wp-json\/wp\/v2\/media\/8573"}],"wp:attachment":[{"href":"https:\/\/shop.detourmaps.com\/es\/wp-json\/wp\/v2\/media?parent=15528"}],"wp:term":[{"taxonomy":"product_brand","embeddable":true,"href":"https:\/\/shop.detourmaps.com\/es\/wp-json\/wp\/v2\/product_brand?post=15528"},{"taxonomy":"product_cat","embeddable":true,"href":"https:\/\/shop.detourmaps.com\/es\/wp-json\/wp\/v2\/product_cat?post=15528"},{"taxonomy":"product_tag","embeddable":true,"href":"https:\/\/shop.detourmaps.com\/es\/wp-json\/wp\/v2\/product_tag?post=15528"}],"curies":[{"name":"wp","href":"https:\/\/api.w.org\/{rel}","templated":true}]}}