{"id":6355,"date":"2025-04-08T15:49:30","date_gmt":"2025-04-08T15:49:30","guid":{"rendered":"https:\/\/shop.detourmaps.com\/?post_type=product&#038;p=6355"},"modified":"2025-12-19T00:16:58","modified_gmt":"2025-12-19T00:16:58","slug":"plan-growing-together","status":"publish","type":"product","link":"https:\/\/shop.detourmaps.com\/es\/producto\/plan-growing-together\/","title":{"rendered":"Plan Growing Together"},"content":{"rendered":"<p class=\"\" data-start=\"456\" data-end=\"476\"><strong data-start=\"456\" data-end=\"476\"><span dir=\"auto\" style=\"vertical-align: inherit;\"><span dir=\"auto\" style=\"vertical-align: inherit;\">Qu\u00e9 incluye:<\/span><\/span><\/strong><\/p>\n<p class=\"\" data-start=\"478\" data-end=\"504\"><span dir=\"auto\" style=\"vertical-align: inherit;\"><span dir=\"auto\" style=\"vertical-align: inherit;\">Aplicaci\u00f3n web <\/span><\/span><strong><span dir=\"auto\" style=\"vertical-align: inherit;\"><span dir=\"auto\" style=\"vertical-align: inherit;\">DM Online<\/span><\/span><\/strong><\/p>\n<ul>\n<li data-start=\"478\" data-end=\"504\"><span style=\"font-weight: 400;\"><span dir=\"auto\" style=\"vertical-align: inherit;\"><span dir=\"auto\" style=\"vertical-align: inherit;\">Acerca del negocio<\/span><\/span><\/span><\/li>\n<li><span style=\"font-weight: 400;\"><span dir=\"auto\" style=\"vertical-align: inherit;\"><span dir=\"auto\" style=\"vertical-align: inherit;\">Indicaciones, n\u00famero de tel\u00e9fono y horario<\/span><\/span><\/span><\/li>\n<li><span dir=\"auto\" style=\"vertical-align: inherit;\"><span dir=\"auto\" style=\"vertical-align: inherit;\">Etiquetas de ciudad y barrio<\/span><\/span><\/li>\n<\/ul>\n<p><span style=\"font-weight: 400;\"><strong><span dir=\"auto\" style=\"vertical-align: inherit;\"><span dir=\"auto\" style=\"vertical-align: inherit;\">\ud83c\udf10 Registro en Google Business<\/span><\/span><\/strong><span dir=\"auto\" style=\"vertical-align: inherit;\"><span dir=\"auto\" style=\"vertical-align: inherit;\"> +30 navegadores m\u00e1s populares como Bing, Yahoo, Yelp, Siri, Waze, etc. Enlaces a su sitio web y plataformas de redes sociales.<\/span><\/span><\/span><\/p>\n<p><strong><span dir=\"auto\" style=\"vertical-align: inherit;\"><span dir=\"auto\" style=\"vertical-align: inherit;\">\ud83d\udda5\ufe0f P\u00e1gina de destino de DM o p\u00e1gina de negocio de micrositio<\/span><\/span><\/strong><\/p>\n<p><span style=\"font-weight: 400;\"><span dir=\"auto\" style=\"vertical-align: inherit;\"><span dir=\"auto\" style=\"vertical-align: inherit;\">\ud83d\udca1 <\/span><\/span><strong><span dir=\"auto\" style=\"vertical-align: inherit;\"><span dir=\"auto\" style=\"vertical-align: inherit;\">Programas de Experiencias DM<\/span><\/span><\/strong><\/span><\/p>\n<p><span style=\"font-weight: 400;\"><span dir=\"auto\" style=\"vertical-align: inherit;\"><span dir=\"auto\" style=\"vertical-align: inherit;\">\ud83d\udcf0 <\/span><\/span><strong><span dir=\"auto\" style=\"vertical-align: inherit;\"><span dir=\"auto\" style=\"vertical-align: inherit;\">Bolet\u00edn digital (DM E-news)<\/span><\/span><\/strong><\/span><\/p>\n<p><strong><span dir=\"auto\" style=\"vertical-align: inherit;\"><span dir=\"auto\" style=\"vertical-align: inherit;\">\ud83c\udf81 02 Ofertas destacadas<\/span><\/span><\/strong><\/p>\n<p><strong><span dir=\"auto\" style=\"vertical-align: inherit;\"><span dir=\"auto\" style=\"vertical-align: inherit;\">\ud83e\udde9 Eventos de DM disponibles<\/span><\/span><\/strong><\/p>\n<p><strong><span dir=\"auto\" style=\"vertical-align: inherit;\"><span dir=\"auto\" style=\"vertical-align: inherit;\">\ud83d\udcf1 Detour Maps Chicago: destacado en Facebook + Instagram<\/span><\/span><\/strong><\/p>\n<p><strong><span dir=\"auto\" style=\"vertical-align: inherit;\"><span dir=\"auto\" style=\"vertical-align: inherit;\">\ud83d\udd0dGenerar un c\u00f3digo QR<\/span><\/span><\/strong><\/p>\n<p><strong><span dir=\"auto\" style=\"vertical-align: inherit;\"><span dir=\"auto\" style=\"vertical-align: inherit;\">\u2705 Registro en l\u00ednea + Reclamaci\u00f3n + Verificaci\u00f3n<\/span><\/span><\/strong><\/p>\n<p><strong><span dir=\"auto\" style=\"vertical-align: inherit;\"><span dir=\"auto\" style=\"vertical-align: inherit;\">\ud83d\udcfd\ufe0f V\u00eddeo de presentaci\u00f3n empresarial Hasta 30 seg.<\/span><\/span><\/strong><\/p>\n<p><strong><span dir=\"auto\" style=\"vertical-align: inherit;\"><span dir=\"auto\" style=\"vertical-align: inherit;\">\ud83c\udfa8 Branding empresarial (logotipo, im\u00e1genes, gr\u00e1ficos, videos)<\/span><\/span><\/strong><\/p>","protected":false},"excerpt":{"rendered":"<p class=\"\" data-start=\"108\" data-end=\"125\"><strong data-start=\"108\" data-end=\"125\"><span dir=\"auto\" style=\"vertical-align: inherit;\"><span dir=\"auto\" style=\"vertical-align: inherit;\">Precio mensual<\/span><\/span><\/strong><\/p>\n<p><span style=\"font-weight: 400;\"><span dir=\"auto\" style=\"vertical-align: inherit;\"><span dir=\"auto\" style=\"vertical-align: inherit;\">Este paquete est\u00e1 dise\u00f1ado para crecer con su negocio: le ofrece mayor visibilidad en l\u00ednea, marca personalizada, landing page o micrositio, herramientas de marketing digital, ofertas promocionales y anuncios personalizados para conectar con nuestro bolet\u00edn mensual y nuestras redes sociales. Adem\u00e1s, su negocio estar\u00e1 registrado en Google y en m\u00e1s de 30 navegadores como Bing, Yahoo, Yelp, Siri, Waze, etc.<\/span><\/span><\/span><\/p>\n<p><span style=\"font-weight: 400;\"><span dir=\"auto\" style=\"vertical-align: inherit;\"><span dir=\"auto\" style=\"vertical-align: inherit;\">Cont\u00e1ctenos para hablar con un representante y descubrir c\u00f3mo este plan puede elevar su negocio.<\/span><\/span><\/span><\/p>","protected":false},"featured_media":13183,"template":"","meta":{"_acf_changed":false},"product_brand":[],"product_cat":[208,240],"product_tag":[],"class_list":{"0":"post-6355","1":"product","2":"type-product","3":"status-publish","4":"has-post-thumbnail","6":"product_cat-art-digital-products","7":"product_cat-marketing","9":"first","10":"instock","11":"virtual","12":"sold-individually","13":"taxable","14":"purchasable","15":"product-type-fsb-subscription"},"acf":[],"_links":{"self":[{"href":"https:\/\/shop.detourmaps.com\/es\/wp-json\/wp\/v2\/product\/6355","targetHints":{"allow":["GET"]}}],"collection":[{"href":"https:\/\/shop.detourmaps.com\/es\/wp-json\/wp\/v2\/product"}],"about":[{"href":"https:\/\/shop.detourmaps.com\/es\/wp-json\/wp\/v2\/types\/product"}],"wp:featuredmedia":[{"embeddable":true,"href":"https:\/\/shop.detourmaps.com\/es\/wp-json\/wp\/v2\/media\/13183"}],"wp:attachment":[{"href":"https:\/\/shop.detourmaps.com\/es\/wp-json\/wp\/v2\/media?parent=6355"}],"wp:term":[{"taxonomy":"product_brand","embeddable":true,"href":"https:\/\/shop.detourmaps.com\/es\/wp-json\/wp\/v2\/product_brand?post=6355"},{"taxonomy":"product_cat","embeddable":true,"href":"https:\/\/shop.detourmaps.com\/es\/wp-json\/wp\/v2\/product_cat?post=6355"},{"taxonomy":"product_tag","embeddable":true,"href":"https:\/\/shop.detourmaps.com\/es\/wp-json\/wp\/v2\/product_tag?post=6355"}],"curies":[{"name":"wp","href":"https:\/\/api.w.org\/{rel}","templated":true}]}}